{"id":6190,"date":"2025-11-01T11:33:03","date_gmt":"2025-11-01T10:33:03","guid":{"rendered":"https:\/\/salesperformer.aretis-staging.ch\/?page_id=6190"},"modified":"2025-11-20T15:18:41","modified_gmt":"2025-11-20T14:18:41","slug":"book-appointment","status":"publish","type":"page","link":"https:\/\/www.salesperformer.ch\/en\/termin-buchen\/","title":{"rendered":"Book an appointment"},"content":{"rendered":"<div data-elementor-type=\"wp-page\" data-elementor-id=\"6190\" class=\"elementor elementor-6190\" data-elementor-post-type=\"page\">\n\t\t\t\t<div class=\"elementor-element elementor-element-e5fc882 e-flex e-con-boxed e-con e-parent\" data-id=\"e5fc882\" data-element_type=\"container\" data-e-type=\"container\" data-settings=\"{&quot;background_background&quot;:&quot;classic&quot;}\">\n\t\t\t\t\t<div class=\"e-con-inner\">\n\t\t<div class=\"elementor-element elementor-element-40d0556 e-con-full e-flex e-con e-child\" data-id=\"40d0556\" data-element_type=\"container\" data-e-type=\"container\">\n\t\t\t\t<div class=\"elementor-element elementor-element-20a9ab3 elementor-widget elementor-widget-heading\" data-id=\"20a9ab3\" data-element_type=\"widget\" data-e-type=\"widget\" data-widget_type=\"heading.default\">\n\t\t\t\t\t<h2 class=\"elementor-heading-title elementor-size-default\">Book a free initial consultation<\/h2>\t\t\t\t<\/div>\n\t\t\t\t<\/div>\n\t\t\t\t<div class=\"elementor-element elementor-element-f878274 elementor-widget elementor-widget-html\" data-id=\"f878274\" data-element_type=\"widget\" data-e-type=\"widget\" data-widget_type=\"html.default\">\n\t\t\t\t\t<!-- Calendly Inline-Widget Beginn -->\n<div class=\"calendly-inline-widget\" data-url=\"https:\/\/calendly.com\/marlon-schildknecht-salesperformer\" style=\"min-width:320px;height:700px;\"><\/div>\n<script type=\"text\/javascript\" src=\"https:\/\/assets.calendly.com\/assets\/external\/widget.js\" async><\/script>\n<!-- Calendly Inline-Widget Ende -->\n\t\t\t\t<\/div>\n\t\t\t\t\t<\/div>\n\t\t\t\t<\/div>\n\t\t\t\t<\/div>","protected":false},"excerpt":{"rendered":"<p>Book a free initial consultation<\/p>","protected":false},"author":1,"featured_media":0,"parent":0,"menu_order":3,"comment_status":"closed","ping_status":"closed","template":"","meta":{"_seopress_robots_primary_cat":"","_seopress_titles_title":"Termin buchen - Sales Performer GmbH","_seopress_titles_desc":"Buche ein kostenloses Erstgespr\u00e4ch mit Marlon Schildknecht - Sales Performance Coach. Lerne seine Skills f\u00fcr mehr Abschl\u00fcsse und st\u00e4rkere Kundenbeziehungen kennen.","_seopress_robots_index":"","footnotes":""},"folder":[],"class_list":["post-6190","page","type-page","status-publish","hentry"],"_links":{"self":[{"href":"https:\/\/www.salesperformer.ch\/en\/wp-json\/wp\/v2\/pages\/6190","targetHints":{"allow":["GET"]}}],"collection":[{"href":"https:\/\/www.salesperformer.ch\/en\/wp-json\/wp\/v2\/pages"}],"about":[{"href":"https:\/\/www.salesperformer.ch\/en\/wp-json\/wp\/v2\/types\/page"}],"author":[{"embeddable":true,"href":"https:\/\/www.salesperformer.ch\/en\/wp-json\/wp\/v2\/users\/1"}],"replies":[{"embeddable":true,"href":"https:\/\/www.salesperformer.ch\/en\/wp-json\/wp\/v2\/comments?post=6190"}],"version-history":[{"count":10,"href":"https:\/\/www.salesperformer.ch\/en\/wp-json\/wp\/v2\/pages\/6190\/revisions"}],"predecessor-version":[{"id":6764,"href":"https:\/\/www.salesperformer.ch\/en\/wp-json\/wp\/v2\/pages\/6190\/revisions\/6764"}],"wp:attachment":[{"href":"https:\/\/www.salesperformer.ch\/en\/wp-json\/wp\/v2\/media?parent=6190"}],"wp:term":[{"taxonomy":"folder","embeddable":true,"href":"https:\/\/www.salesperformer.ch\/en\/wp-json\/wp\/v2\/folder?post=6190"}],"curies":[{"name":"wp","href":"https:\/\/api.w.org\/{rel}","templated":true}]}}